{"id":2804,"date":"2024-05-13T14:11:28","date_gmt":"2024-05-13T12:11:28","guid":{"rendered":"https:\/\/conceptarchidurable.com\/?page_id=2804"},"modified":"2026-01-31T15:27:03","modified_gmt":"2026-01-31T14:27:03","slug":"conseils-guides","status":"publish","type":"page","link":"https:\/\/conceptarchidurable.com\/en\/conseils-guides\/","title":{"rendered":"Guidance and guides"},"content":{"rendered":"<div data-elementor-type=\"wp-page\" data-elementor-id=\"2804\" class=\"elementor elementor-2804\" data-elementor-post-type=\"page\">\n\t\t\t\t<div class=\"elementor-element elementor-element-d240e0a e-flex e-con-boxed wpr-particle-no wpr-jarallax-no wpr-parallax-no wpr-sticky-section-no wpr-equal-height-no e-con e-parent\" data-id=\"d240e0a\" data-element_type=\"container\" data-e-type=\"container\" data-settings=\"{&quot;ekit_has_onepagescroll_dot&quot;:&quot;yes&quot;}\">\n\t\t\t\t\t<div class=\"e-con-inner\">\n\t\t\t\t<div class=\"elementor-element elementor-element-87a2f17 elementor-invisible elementor-widget elementor-widget-heading\" data-id=\"87a2f17\" data-element_type=\"widget\" data-e-type=\"widget\" data-settings=\"{&quot;_animation&quot;:&quot;fadeInUp&quot;,&quot;ekit_we_effect_on&quot;:&quot;none&quot;}\" data-widget_type=\"heading.default\">\n\t\t\t\t<div class=\"elementor-widget-container\">\n\t\t\t\t\t<h2 class=\"elementor-heading-title elementor-size-default\">Ressources<\/h2>\t\t\t\t<\/div>\n\t\t\t\t<\/div>\n\t\t\t\t<div class=\"elementor-element elementor-element-0bea794 elementor-invisible elementor-widget elementor-widget-heading\" data-id=\"0bea794\" data-element_type=\"widget\" data-e-type=\"widget\" data-settings=\"{&quot;_animation&quot;:&quot;fadeInUp&quot;,&quot;_animation_delay&quot;:200,&quot;ekit_we_effect_on&quot;:&quot;none&quot;}\" data-widget_type=\"heading.default\">\n\t\t\t\t<div class=\"elementor-widget-container\">\n\t\t\t\t\t<h3 class=\"elementor-heading-title elementor-size-default\">Guides &amp; Advice<\/h3>\t\t\t\t<\/div>\n\t\t\t\t<\/div>\n\t\t\t\t\t<\/div>\n\t\t\t\t<\/div>\n\t\t\t\t<section class=\"elementor-section elementor-inner-section elementor-element elementor-element-56cee2ce elementor-section-boxed elementor-section-height-default elementor-section-height-default wpr-particle-no wpr-jarallax-no wpr-parallax-no wpr-sticky-section-no wpr-equal-height-no\" data-id=\"56cee2ce\" data-element_type=\"section\" data-e-type=\"section\" data-settings=\"{&quot;ekit_has_onepagescroll_dot&quot;:&quot;yes&quot;}\">\n\t\t\t\t\t\t<div class=\"elementor-container elementor-column-gap-custom\">\n\t\t\t\t\t<div class=\"elementor-column elementor-col-25 elementor-inner-column elementor-element elementor-element-175ec541 elementor-invisible\" data-id=\"175ec541\" data-element_type=\"column\" data-e-type=\"column\" data-settings=\"{&quot;animation&quot;:&quot;fadeInUp&quot;}\">\n\t\t\t<div class=\"elementor-widget-wrap\">\n\t\t\t\t\t\t\t<\/div>\n\t\t<\/div>\n\t\t\t\t<div class=\"elementor-column elementor-col-25 elementor-inner-column elementor-element elementor-element-165239d6 elementor-invisible\" data-id=\"165239d6\" data-element_type=\"column\" data-e-type=\"column\" data-settings=\"{&quot;animation&quot;:&quot;fadeInUp&quot;,&quot;animation_delay&quot;:200}\">\n\t\t\t<div class=\"elementor-widget-wrap\">\n\t\t\t\t\t\t\t<\/div>\n\t\t<\/div>\n\t\t\t\t<div class=\"elementor-column elementor-col-25 elementor-inner-column elementor-element elementor-element-68df7f2 elementor-invisible\" data-id=\"68df7f2\" data-element_type=\"column\" data-e-type=\"column\" data-settings=\"{&quot;animation&quot;:&quot;fadeInUp&quot;,&quot;animation_delay&quot;:400}\">\n\t\t\t<div class=\"elementor-widget-wrap\">\n\t\t\t\t\t\t\t<\/div>\n\t\t<\/div>\n\t\t\t\t<div class=\"elementor-column elementor-col-25 elementor-inner-column elementor-element elementor-element-1a7f32ba elementor-invisible\" data-id=\"1a7f32ba\" data-element_type=\"column\" data-e-type=\"column\" data-settings=\"{&quot;animation&quot;:&quot;fadeInUp&quot;,&quot;animation_delay&quot;:600}\">\n\t\t\t<div class=\"elementor-widget-wrap\">\n\t\t\t\t\t\t\t<\/div>\n\t\t<\/div>\n\t\t\t\t\t<\/div>\n\t\t<\/section>\n\t\t<div class=\"elementor-element elementor-element-a1f3c32 e-flex e-con-boxed wpr-particle-no wpr-jarallax-no wpr-parallax-no wpr-sticky-section-no wpr-equal-height-no e-con e-parent\" data-id=\"a1f3c32\" data-element_type=\"container\" data-e-type=\"container\" data-settings=\"{&quot;ekit_has_onepagescroll_dot&quot;:&quot;yes&quot;}\">\n\t\t\t\t\t<div class=\"e-con-inner\">\n\t\t\t\t<div class=\"elementor-element elementor-element-d3dda12 elementor-widget elementor-widget-text-editor\" data-id=\"d3dda12\" data-element_type=\"widget\" data-e-type=\"widget\" data-settings=\"{&quot;ekit_we_effect_on&quot;:&quot;none&quot;}\" data-widget_type=\"text-editor.default\">\n\t\t\t\t<div class=\"elementor-widget-container\">\n\t\t\t\t\t\t\t\t\t<h4><strong>Construire au B\u00e9nin :<\/strong> Que faut-il savoir ?<\/h4>\t\t\t\t\t\t\t\t<\/div>\n\t\t\t\t<\/div>\n\t\t\t\t\t<\/div>\n\t\t\t\t<\/div>\n\t\t<div class=\"elementor-element elementor-element-32006cd e-flex e-con-boxed wpr-particle-no wpr-jarallax-no wpr-parallax-no wpr-sticky-section-no wpr-equal-height-no e-con e-parent\" data-id=\"32006cd\" data-element_type=\"container\" data-e-type=\"container\" data-settings=\"{&quot;ekit_has_onepagescroll_dot&quot;:&quot;yes&quot;}\">\n\t\t\t\t\t<div class=\"e-con-inner\">\n\t\t<div class=\"elementor-element elementor-element-6a079dc e-con-full e-flex wpr-particle-no wpr-jarallax-no wpr-parallax-no wpr-sticky-section-no wpr-equal-height-no e-con e-child\" data-id=\"6a079dc\" data-element_type=\"container\" data-e-type=\"container\" data-settings=\"{&quot;ekit_has_onepagescroll_dot&quot;:&quot;yes&quot;}\">\n\t\t\t\t<div class=\"elementor-element elementor-element-0539af2 elementor-widget elementor-widget-video\" data-id=\"0539af2\" data-element_type=\"widget\" data-e-type=\"widget\" data-settings=\"{&quot;youtube_url&quot;:&quot;https:\\\/\\\/www.youtube.com\\\/watch?si=hV9XoNv_IdOfUJLY&amp;v=4ZnKJ3yTgGM&amp;feature=youtu.be&quot;,&quot;video_type&quot;:&quot;youtube&quot;,&quot;controls&quot;:&quot;yes&quot;,&quot;ekit_we_effect_on&quot;:&quot;none&quot;}\" data-widget_type=\"video.default\">\n\t\t\t\t<div class=\"elementor-widget-container\">\n\t\t\t\t\t\t\t<div class=\"elementor-wrapper elementor-open-inline\">\n\t\t\t<div class=\"elementor-video\"><\/div>\t\t<\/div>\n\t\t\t\t\t\t<\/div>\n\t\t\t\t<\/div>\n\t\t\t\t<\/div>\n\t\t<div class=\"elementor-element elementor-element-3d26258 e-con-full e-flex wpr-particle-no wpr-jarallax-no wpr-parallax-no wpr-sticky-section-no wpr-equal-height-no e-con e-child\" data-id=\"3d26258\" data-element_type=\"container\" data-e-type=\"container\" data-settings=\"{&quot;ekit_has_onepagescroll_dot&quot;:&quot;yes&quot;}\">\n\t\t\t\t<div class=\"elementor-element elementor-element-01a307c elementor-widget elementor-widget-video\" data-id=\"01a307c\" data-element_type=\"widget\" data-e-type=\"widget\" data-settings=\"{&quot;youtube_url&quot;:&quot;https:\\\/\\\/www.youtube.com\\\/watch?v=i6GXihsHTz4&quot;,&quot;video_type&quot;:&quot;youtube&quot;,&quot;controls&quot;:&quot;yes&quot;,&quot;ekit_we_effect_on&quot;:&quot;none&quot;}\" data-widget_type=\"video.default\">\n\t\t\t\t<div class=\"elementor-widget-container\">\n\t\t\t\t\t\t\t<div class=\"elementor-wrapper elementor-open-inline\">\n\t\t\t<div class=\"elementor-video\"><\/div>\t\t<\/div>\n\t\t\t\t\t\t<\/div>\n\t\t\t\t<\/div>\n\t\t\t\t<\/div>\n\t\t<div class=\"elementor-element elementor-element-69d94ef e-con-full e-flex wpr-particle-no wpr-jarallax-no wpr-parallax-no wpr-sticky-section-no wpr-equal-height-no e-con e-child\" data-id=\"69d94ef\" data-element_type=\"container\" data-e-type=\"container\" data-settings=\"{&quot;ekit_has_onepagescroll_dot&quot;:&quot;yes&quot;}\">\n\t\t\t\t<div class=\"elementor-element elementor-element-bc9c49e elementor-widget elementor-widget-video\" data-id=\"bc9c49e\" data-element_type=\"widget\" data-e-type=\"widget\" data-settings=\"{&quot;youtube_url&quot;:&quot;https:\\\/\\\/www.youtube.com\\\/watch?v=nRu1_NYpJw4&quot;,&quot;video_type&quot;:&quot;youtube&quot;,&quot;controls&quot;:&quot;yes&quot;,&quot;ekit_we_effect_on&quot;:&quot;none&quot;}\" data-widget_type=\"video.default\">\n\t\t\t\t<div class=\"elementor-widget-container\">\n\t\t\t\t\t\t\t<div class=\"elementor-wrapper elementor-open-inline\">\n\t\t\t<div class=\"elementor-video\"><\/div>\t\t<\/div>\n\t\t\t\t\t\t<\/div>\n\t\t\t\t<\/div>\n\t\t\t\t<\/div>\n\t\t\t\t\t<\/div>\n\t\t\t\t<\/div>\n\t\t<div class=\"elementor-element elementor-element-182ff6cc elementor-hidden-desktop elementor-hidden-tablet elementor-hidden-mobile e-flex e-con-boxed wpr-particle-no wpr-jarallax-no wpr-parallax-no wpr-sticky-section-no wpr-equal-height-no e-con e-parent\" data-id=\"182ff6cc\" data-element_type=\"container\" data-e-type=\"container\" data-settings=\"{&quot;ekit_has_onepagescroll_dot&quot;:&quot;yes&quot;}\">\n\t\t\t\t\t<div class=\"e-con-inner\">\n\t\t<div class=\"elementor-element elementor-element-1eef547a e-con-full e-flex wpr-particle-no wpr-jarallax-no wpr-parallax-no wpr-sticky-section-no wpr-equal-height-no e-con e-child\" data-id=\"1eef547a\" data-element_type=\"container\" data-e-type=\"container\" data-settings=\"{&quot;ekit_has_onepagescroll_dot&quot;:&quot;yes&quot;}\">\n\t\t<div class=\"elementor-element elementor-element-5a76126 e-flex e-con-boxed wpr-particle-no wpr-jarallax-no wpr-parallax-no wpr-sticky-section-no wpr-equal-height-no e-con e-child\" data-id=\"5a76126\" data-element_type=\"container\" data-e-type=\"container\" data-settings=\"{&quot;ekit_has_onepagescroll_dot&quot;:&quot;yes&quot;}\">\n\t\t\t\t\t<div class=\"e-con-inner\">\n\t\t<div class=\"elementor-element elementor-element-74f7c429 e-con-full e-flex wpr-particle-no wpr-jarallax-no wpr-parallax-no wpr-sticky-section-no wpr-equal-height-no e-con e-child\" data-id=\"74f7c429\" data-element_type=\"container\" data-e-type=\"container\" data-settings=\"{&quot;ekit_has_onepagescroll_dot&quot;:&quot;yes&quot;}\">\n\t\t\t\t<div class=\"elementor-element elementor-element-17be8ffa elementor-view-default elementor-widget elementor-widget-icon\" data-id=\"17be8ffa\" data-element_type=\"widget\" data-e-type=\"widget\" data-settings=\"{&quot;ekit_we_effect_on&quot;:&quot;none&quot;}\" data-widget_type=\"icon.default\">\n\t\t\t\t<div class=\"elementor-widget-container\">\n\t\t\t\t\t\t\t<div class=\"elementor-icon-wrapper\">\n\t\t\t<div class=\"elementor-icon\">\n\t\t\t<i aria-hidden=\"true\" class=\"fas fa-quote-left\"><\/i>\t\t\t<\/div>\n\t\t<\/div>\n\t\t\t\t\t\t<\/div>\n\t\t\t\t<\/div>\n\t\t\t\t<div class=\"elementor-element elementor-element-7ce9a1ce elementor-widget elementor-widget-text-editor\" data-id=\"7ce9a1ce\" data-element_type=\"widget\" data-e-type=\"widget\" data-settings=\"{&quot;ekit_we_effect_on&quot;:&quot;none&quot;}\" data-widget_type=\"text-editor.default\">\n\t\t\t\t<div class=\"elementor-widget-container\">\n\t\t\t\t\t\t\t\t\t<p>L&rsquo;objectif est de cr\u00e9er un <b>habitat sain et confortable<\/b> pour ses occupants, en r\u00e9duisant drastiquement les besoins en climatisation, tout en assurant une <b>viabilit\u00e9 \u00e9conomique<\/b> \u00e0 long terme gr\u00e2ce \u00e0 des co\u00fbts d&rsquo;exploitation r\u00e9duits.<\/p>\t\t\t\t\t\t\t\t<\/div>\n\t\t\t\t<\/div>\n\t\t\t\t<div class=\"elementor-element elementor-element-291f0316 elementor-widget elementor-widget-heading\" data-id=\"291f0316\" data-element_type=\"widget\" data-e-type=\"widget\" data-settings=\"{&quot;ekit_we_effect_on&quot;:&quot;none&quot;}\" data-widget_type=\"heading.default\">\n\t\t\t\t<div class=\"elementor-widget-container\">\n\t\t\t\t\t<h6 class=\"elementor-heading-title elementor-size-default\">Arthur KISSO DUMAS<\/h6>\t\t\t\t<\/div>\n\t\t\t\t<\/div>\n\t\t\t\t<\/div>\n\t\t<div class=\"elementor-element elementor-element-56f978dc e-con-full e-flex wpr-particle-no wpr-jarallax-no wpr-parallax-no wpr-sticky-section-no wpr-equal-height-no e-con e-child\" data-id=\"56f978dc\" data-element_type=\"container\" data-e-type=\"container\" data-settings=\"{&quot;ekit_has_onepagescroll_dot&quot;:&quot;yes&quot;}\">\n\t\t\t\t<\/div>\n\t\t<div class=\"elementor-element elementor-element-470f5dfb e-con-full e-flex wpr-particle-no wpr-jarallax-no wpr-parallax-no wpr-sticky-section-no wpr-equal-height-no e-con e-child\" data-id=\"470f5dfb\" data-element_type=\"container\" data-e-type=\"container\" data-settings=\"{&quot;ekit_has_onepagescroll_dot&quot;:&quot;yes&quot;}\">\n\t\t\t\t<\/div>\n\t\t\t\t\t<\/div>\n\t\t\t\t<\/div>\n\t\t<div class=\"elementor-element elementor-element-759a7405 e-flex e-con-boxed wpr-particle-no wpr-jarallax-no wpr-parallax-no wpr-sticky-section-no wpr-equal-height-no e-con e-child\" data-id=\"759a7405\" data-element_type=\"container\" data-e-type=\"container\" data-settings=\"{&quot;ekit_has_onepagescroll_dot&quot;:&quot;yes&quot;}\">\n\t\t\t\t\t<div class=\"e-con-inner\">\n\t\t<div class=\"elementor-element elementor-element-51bc0d2a e-con-full e-flex wpr-particle-no wpr-jarallax-no wpr-parallax-no wpr-sticky-section-no wpr-equal-height-no e-con e-child\" data-id=\"51bc0d2a\" data-element_type=\"container\" data-e-type=\"container\" data-settings=\"{&quot;ekit_has_onepagescroll_dot&quot;:&quot;yes&quot;}\">\n\t\t\t\t<div class=\"elementor-element elementor-element-153eb4c9 elementor-view-default elementor-widget elementor-widget-icon\" data-id=\"153eb4c9\" data-element_type=\"widget\" data-e-type=\"widget\" data-settings=\"{&quot;ekit_we_effect_on&quot;:&quot;none&quot;}\" data-widget_type=\"icon.default\">\n\t\t\t\t<div class=\"elementor-widget-container\">\n\t\t\t\t\t\t\t<div class=\"elementor-icon-wrapper\">\n\t\t\t<div class=\"elementor-icon\">\n\t\t\t<i aria-hidden=\"true\" class=\"fas fa-quote-left\"><\/i>\t\t\t<\/div>\n\t\t<\/div>\n\t\t\t\t\t\t<\/div>\n\t\t\t\t<\/div>\n\t\t\t\t<div class=\"elementor-element elementor-element-3c5bc9d8 elementor-widget elementor-widget-text-editor\" data-id=\"3c5bc9d8\" data-element_type=\"widget\" data-e-type=\"widget\" data-settings=\"{&quot;ekit_we_effect_on&quot;:&quot;none&quot;}\" data-widget_type=\"text-editor.default\">\n\t\t\t\t<div class=\"elementor-widget-container\">\n\t\t\t\t\t\t\t\t\t<p>La <b>construction et l&rsquo;habitat durables<\/b> repr\u00e9sentent une approche essentielle visant \u00e0 minimiser l&rsquo;impact environnemental des b\u00e2timents tout au long de leur cycle de vie, de la conception \u00e0 la d\u00e9molition.<\/p><p>Cette d\u00e9marche repose sur l&rsquo;utilisation de <b>mat\u00e9riaux locaux<\/b> et <b>faiblement \u00e9metteurs de carbone<\/b>, une gestion optimis\u00e9e des ressources (eau, \u00e9nergie) et l&rsquo;int\u00e9gration de techniques favorisant une haute <b>efficacit\u00e9 \u00e9nerg\u00e9tique<\/b> (isolation, ventilation naturelle).<\/p>\t\t\t\t\t\t\t\t<\/div>\n\t\t\t\t<\/div>\n\t\t\t\t<div class=\"elementor-element elementor-element-35dd21ae elementor-widget elementor-widget-heading\" data-id=\"35dd21ae\" data-element_type=\"widget\" data-e-type=\"widget\" data-settings=\"{&quot;ekit_we_effect_on&quot;:&quot;none&quot;}\" data-widget_type=\"heading.default\">\n\t\t\t\t<div class=\"elementor-widget-container\">\n\t\t\t\t\t<h6 class=\"elementor-heading-title elementor-size-default\">Arthur KISSO DUMAS<\/h6>\t\t\t\t<\/div>\n\t\t\t\t<\/div>\n\t\t\t\t<\/div>\n\t\t<div class=\"elementor-element elementor-element-424530db e-con-full e-flex wpr-particle-no wpr-jarallax-no wpr-parallax-no wpr-sticky-section-no wpr-equal-height-no e-con e-child\" data-id=\"424530db\" data-element_type=\"container\" data-e-type=\"container\" data-settings=\"{&quot;ekit_has_onepagescroll_dot&quot;:&quot;yes&quot;}\">\n\t\t\t\t<\/div>\n\t\t<div class=\"elementor-element elementor-element-62bf4554 e-con-full e-flex wpr-particle-no wpr-jarallax-no wpr-parallax-no wpr-sticky-section-no wpr-equal-height-no e-con e-child\" data-id=\"62bf4554\" data-element_type=\"container\" data-e-type=\"container\" data-settings=\"{&quot;ekit_has_onepagescroll_dot&quot;:&quot;yes&quot;}\">\n\t\t\t\t<\/div>\n\t\t\t\t\t<\/div>\n\t\t\t\t<\/div>\n\t\t\t\t<\/div>\n\t\t\t\t\t<\/div>\n\t\t\t\t<\/div>\n\t\t<div class=\"elementor-element elementor-element-fb26e2d e-flex e-con-boxed wpr-particle-no wpr-jarallax-no wpr-parallax-no wpr-sticky-section-no wpr-equal-height-no e-con e-parent\" data-id=\"fb26e2d\" data-element_type=\"container\" data-e-type=\"container\" data-settings=\"{&quot;ekit_has_onepagescroll_dot&quot;:&quot;yes&quot;}\">\n\t\t\t\t\t<div class=\"e-con-inner\">\n\t\t\t\t\t<\/div>\n\t\t\t\t<\/div>\n\t\t\t\t<\/div>","protected":false},"excerpt":{"rendered":"<p>Ressources Guides &amp; Conseils Construire au B\u00e9nin : Que faut-il savoir ? https:\/\/www.youtube.com\/watch?si=hV9XoNv_IdOfUJLY&#038;v=4ZnKJ3yTgGM&#038;feature=youtu.behttps:\/\/www.youtube.com\/watch?v=i6GXihsHTz4https:\/\/www.youtube.com\/watch?v=nRu1_NYpJw4 L&rsquo;objectif est de cr\u00e9er un habitat sain et confortable pour ses occupants, en r\u00e9duisant drastiquement les besoins en climatisation, tout en assurant une viabilit\u00e9 \u00e9conomique \u00e0 long terme gr\u00e2ce \u00e0 des co\u00fbts d&rsquo;exploitation r\u00e9duits. Arthur KISSO DUMAS La construction et l&rsquo;habitat durables repr\u00e9sentent une approche essentielle visant \u00e0 minimiser l&rsquo;impact environnemental des b\u00e2timents tout au long de leur cycle de vie, de la conception \u00e0 la d\u00e9molition. Cette d\u00e9marche repose sur l&rsquo;utilisation de mat\u00e9riaux locaux et faiblement \u00e9metteurs de carbone, une gestion optimis\u00e9e des ressources (eau, \u00e9nergie) et l&rsquo;int\u00e9gration de techniques favorisant une haute efficacit\u00e9 \u00e9nerg\u00e9tique (isolation, ventilation naturelle). Arthur KISSO DUMAS<\/p>","protected":false},"author":3,"featured_media":0,"parent":0,"menu_order":0,"comment_status":"closed","ping_status":"closed","template":"elementor_header_footer","meta":{"content-type":"","_joinchat":[],"footnotes":""},"class_list":["post-2804","page","type-page","status-publish","hentry"],"yoast_head":"<!-- This site is optimized with the Yoast SEO Premium plugin v25.8 (Yoast SEO v27.3) - https:\/\/yoast.com\/product\/yoast-seo-premium-wordpress\/ -->\n<title>Conseils et guides - CONCEPT ARCHIDURABLE<\/title>\n<meta name=\"robots\" content=\"index, follow, max-snippet:-1, max-image-preview:large, max-video-preview:-1\" \/>\n<link rel=\"canonical\" href=\"https:\/\/conceptarchidurable.com\/en\/conseils-guides\/\" \/>\n<meta property=\"og:locale\" content=\"en_GB\" \/>\n<meta property=\"og:type\" content=\"article\" \/>\n<meta property=\"og:title\" content=\"Conseils et guides\" \/>\n<meta property=\"og:description\" content=\"Ressources Guides &amp; Conseils Construire au B\u00e9nin : Que faut-il savoir ? https:\/\/www.youtube.com\/watch?si=hV9XoNv_IdOfUJLY&#038;v=4ZnKJ3yTgGM&#038;feature=youtu.behttps:\/\/www.youtube.com\/watch?v=i6GXihsHTz4https:\/\/www.youtube.com\/watch?v=nRu1_NYpJw4 L&rsquo;objectif est de cr\u00e9er un habitat sain et confortable pour ses occupants, en r\u00e9duisant drastiquement les besoins en climatisation, tout en assurant une viabilit\u00e9 \u00e9conomique \u00e0 long terme gr\u00e2ce \u00e0 des co\u00fbts d&rsquo;exploitation r\u00e9duits. Arthur KISSO DUMAS La construction et l&rsquo;habitat durables repr\u00e9sentent une approche essentielle visant \u00e0 minimiser l&rsquo;impact environnemental des b\u00e2timents tout au long de leur cycle de vie, de la conception \u00e0 la d\u00e9molition. Cette d\u00e9marche repose sur l&rsquo;utilisation de mat\u00e9riaux locaux et faiblement \u00e9metteurs de carbone, une gestion optimis\u00e9e des ressources (eau, \u00e9nergie) et l&rsquo;int\u00e9gration de techniques favorisant une haute efficacit\u00e9 \u00e9nerg\u00e9tique (isolation, ventilation naturelle). Arthur KISSO DUMAS\" \/>\n<meta property=\"og:url\" content=\"https:\/\/conceptarchidurable.com\/en\/conseils-guides\/\" \/>\n<meta property=\"og:site_name\" content=\"CONCEPT ARCHIDURABLE\" \/>\n<meta property=\"article:modified_time\" content=\"2026-01-31T14:27:03+00:00\" \/>\n<meta name=\"twitter:card\" content=\"summary_large_image\" \/>\n<meta name=\"twitter:label1\" content=\"Estimated reading time\" \/>\n\t<meta name=\"twitter:data1\" content=\"1 minute\" \/>\n<script type=\"application\/ld+json\" class=\"yoast-schema-graph\">{\"@context\":\"https:\\\/\\\/schema.org\",\"@graph\":[{\"@type\":\"WebPage\",\"@id\":\"https:\\\/\\\/conceptarchidurable.com\\\/conseils-guides\\\/\",\"url\":\"https:\\\/\\\/conceptarchidurable.com\\\/conseils-guides\\\/\",\"name\":\"Conseils et guides - CONCEPT ARCHIDURABLE\",\"isPartOf\":{\"@id\":\"https:\\\/\\\/conceptarchidurable.com\\\/#website\"},\"datePublished\":\"2024-05-13T12:11:28+00:00\",\"dateModified\":\"2026-01-31T14:27:03+00:00\",\"breadcrumb\":{\"@id\":\"https:\\\/\\\/conceptarchidurable.com\\\/conseils-guides\\\/#breadcrumb\"},\"inLanguage\":\"en-GB\",\"potentialAction\":[{\"@type\":\"ReadAction\",\"target\":[\"https:\\\/\\\/conceptarchidurable.com\\\/conseils-guides\\\/\"]}]},{\"@type\":\"BreadcrumbList\",\"@id\":\"https:\\\/\\\/conceptarchidurable.com\\\/conseils-guides\\\/#breadcrumb\",\"itemListElement\":[{\"@type\":\"ListItem\",\"position\":1,\"name\":\"Home\",\"item\":\"https:\\\/\\\/conceptarchidurable.com\\\/\"},{\"@type\":\"ListItem\",\"position\":2,\"name\":\"Conseils et guides\"}]},{\"@type\":\"WebSite\",\"@id\":\"https:\\\/\\\/conceptarchidurable.com\\\/#website\",\"url\":\"https:\\\/\\\/conceptarchidurable.com\\\/\",\"name\":\"CONCEPT ARCHIDURABLE\",\"description\":\"\",\"publisher\":{\"@id\":\"https:\\\/\\\/conceptarchidurable.com\\\/#organization\"},\"potentialAction\":[{\"@type\":\"SearchAction\",\"target\":{\"@type\":\"EntryPoint\",\"urlTemplate\":\"https:\\\/\\\/conceptarchidurable.com\\\/?s={search_term_string}\"},\"query-input\":{\"@type\":\"PropertyValueSpecification\",\"valueRequired\":true,\"valueName\":\"search_term_string\"}}],\"inLanguage\":\"en-GB\"},{\"@type\":\"Organization\",\"@id\":\"https:\\\/\\\/conceptarchidurable.com\\\/#organization\",\"name\":\"CONCEPT ARCHIDURABLE\",\"url\":\"https:\\\/\\\/conceptarchidurable.com\\\/\",\"logo\":{\"@type\":\"ImageObject\",\"inLanguage\":\"en-GB\",\"@id\":\"https:\\\/\\\/conceptarchidurable.com\\\/#\\\/schema\\\/logo\\\/image\\\/\",\"url\":\"https:\\\/\\\/conceptarchidurable.com\\\/wp-content\\\/uploads\\\/2024\\\/03\\\/LOGO-AECHI-DURABLE.png\",\"contentUrl\":\"https:\\\/\\\/conceptarchidurable.com\\\/wp-content\\\/uploads\\\/2024\\\/03\\\/LOGO-AECHI-DURABLE.png\",\"width\":1600,\"height\":663,\"caption\":\"CONCEPT ARCHIDURABLE\"},\"image\":{\"@id\":\"https:\\\/\\\/conceptarchidurable.com\\\/#\\\/schema\\\/logo\\\/image\\\/\"},\"sameAs\":[\"https:\\\/\\\/wa.me\\\/22997741416\"]}]}<\/script>\n<!-- \/ Yoast SEO Premium plugin. -->","yoast_head_json":{"title":"Conseils et guides - CONCEPT ARCHIDURABLE","robots":{"index":"index","follow":"follow","max-snippet":"max-snippet:-1","max-image-preview":"max-image-preview:large","max-video-preview":"max-video-preview:-1"},"canonical":"https:\/\/conceptarchidurable.com\/en\/conseils-guides\/","og_locale":"en_GB","og_type":"article","og_title":"Conseils et guides","og_description":"Ressources Guides &amp; Conseils Construire au B\u00e9nin : Que faut-il savoir ? https:\/\/www.youtube.com\/watch?si=hV9XoNv_IdOfUJLY&#038;v=4ZnKJ3yTgGM&#038;feature=youtu.behttps:\/\/www.youtube.com\/watch?v=i6GXihsHTz4https:\/\/www.youtube.com\/watch?v=nRu1_NYpJw4 L&rsquo;objectif est de cr\u00e9er un habitat sain et confortable pour ses occupants, en r\u00e9duisant drastiquement les besoins en climatisation, tout en assurant une viabilit\u00e9 \u00e9conomique \u00e0 long terme gr\u00e2ce \u00e0 des co\u00fbts d&rsquo;exploitation r\u00e9duits. Arthur KISSO DUMAS La construction et l&rsquo;habitat durables repr\u00e9sentent une approche essentielle visant \u00e0 minimiser l&rsquo;impact environnemental des b\u00e2timents tout au long de leur cycle de vie, de la conception \u00e0 la d\u00e9molition. Cette d\u00e9marche repose sur l&rsquo;utilisation de mat\u00e9riaux locaux et faiblement \u00e9metteurs de carbone, une gestion optimis\u00e9e des ressources (eau, \u00e9nergie) et l&rsquo;int\u00e9gration de techniques favorisant une haute efficacit\u00e9 \u00e9nerg\u00e9tique (isolation, ventilation naturelle). Arthur KISSO DUMAS","og_url":"https:\/\/conceptarchidurable.com\/en\/conseils-guides\/","og_site_name":"CONCEPT ARCHIDURABLE","article_modified_time":"2026-01-31T14:27:03+00:00","twitter_card":"summary_large_image","twitter_misc":{"Estimated reading time":"1 minute"},"schema":{"@context":"https:\/\/schema.org","@graph":[{"@type":"WebPage","@id":"https:\/\/conceptarchidurable.com\/conseils-guides\/","url":"https:\/\/conceptarchidurable.com\/conseils-guides\/","name":"Conseils et guides - CONCEPT ARCHIDURABLE","isPartOf":{"@id":"https:\/\/conceptarchidurable.com\/#website"},"datePublished":"2024-05-13T12:11:28+00:00","dateModified":"2026-01-31T14:27:03+00:00","breadcrumb":{"@id":"https:\/\/conceptarchidurable.com\/conseils-guides\/#breadcrumb"},"inLanguage":"en-GB","potentialAction":[{"@type":"ReadAction","target":["https:\/\/conceptarchidurable.com\/conseils-guides\/"]}]},{"@type":"BreadcrumbList","@id":"https:\/\/conceptarchidurable.com\/conseils-guides\/#breadcrumb","itemListElement":[{"@type":"ListItem","position":1,"name":"Home","item":"https:\/\/conceptarchidurable.com\/"},{"@type":"ListItem","position":2,"name":"Conseils et guides"}]},{"@type":"WebSite","@id":"https:\/\/conceptarchidurable.com\/#website","url":"https:\/\/conceptarchidurable.com\/","name":"CONCEPT ARCHIDURABLE","description":"","publisher":{"@id":"https:\/\/conceptarchidurable.com\/#organization"},"potentialAction":[{"@type":"SearchAction","target":{"@type":"EntryPoint","urlTemplate":"https:\/\/conceptarchidurable.com\/?s={search_term_string}"},"query-input":{"@type":"PropertyValueSpecification","valueRequired":true,"valueName":"search_term_string"}}],"inLanguage":"en-GB"},{"@type":"Organization","@id":"https:\/\/conceptarchidurable.com\/#organization","name":"CONCEPT ARCHIDURABLE","url":"https:\/\/conceptarchidurable.com\/","logo":{"@type":"ImageObject","inLanguage":"en-GB","@id":"https:\/\/conceptarchidurable.com\/#\/schema\/logo\/image\/","url":"https:\/\/conceptarchidurable.com\/wp-content\/uploads\/2024\/03\/LOGO-AECHI-DURABLE.png","contentUrl":"https:\/\/conceptarchidurable.com\/wp-content\/uploads\/2024\/03\/LOGO-AECHI-DURABLE.png","width":1600,"height":663,"caption":"CONCEPT ARCHIDURABLE"},"image":{"@id":"https:\/\/conceptarchidurable.com\/#\/schema\/logo\/image\/"},"sameAs":["https:\/\/wa.me\/22997741416"]}]}},"_links":{"self":[{"href":"https:\/\/conceptarchidurable.com\/en\/wp-json\/wp\/v2\/pages\/2804","targetHints":{"allow":["GET"]}}],"collection":[{"href":"https:\/\/conceptarchidurable.com\/en\/wp-json\/wp\/v2\/pages"}],"about":[{"href":"https:\/\/conceptarchidurable.com\/en\/wp-json\/wp\/v2\/types\/page"}],"author":[{"embeddable":true,"href":"https:\/\/conceptarchidurable.com\/en\/wp-json\/wp\/v2\/users\/3"}],"replies":[{"embeddable":true,"href":"https:\/\/conceptarchidurable.com\/en\/wp-json\/wp\/v2\/comments?post=2804"}],"version-history":[{"count":1132,"href":"https:\/\/conceptarchidurable.com\/en\/wp-json\/wp\/v2\/pages\/2804\/revisions"}],"predecessor-version":[{"id":39842,"href":"https:\/\/conceptarchidurable.com\/en\/wp-json\/wp\/v2\/pages\/2804\/revisions\/39842"}],"wp:attachment":[{"href":"https:\/\/conceptarchidurable.com\/en\/wp-json\/wp\/v2\/media?parent=2804"}],"curies":[{"name":"wp","href":"https:\/\/api.w.org\/{rel}","templated":true}]}}