{"id":26876,"date":"2024-07-08T23:34:30","date_gmt":"2024-07-08T21:34:30","guid":{"rendered":"https:\/\/conceptarchidurable.com\/?page_id=26876"},"modified":"2025-09-27T21:18:30","modified_gmt":"2025-09-27T19:18:30","slug":"planete-urgence","status":"publish","type":"page","link":"https:\/\/conceptarchidurable.com\/en\/planete-urgence\/","title":{"rendered":"Planet emergency"},"content":{"rendered":"<div data-elementor-type=\"wp-page\" data-elementor-id=\"26876\" class=\"elementor elementor-26876\" data-elementor-post-type=\"page\">\n\t\t\t\t\t\t<section class=\"elementor-section elementor-top-section elementor-element elementor-element-4745ca5e elementor-section-boxed elementor-section-height-default elementor-section-height-default wpr-particle-no wpr-jarallax-no wpr-parallax-no wpr-sticky-section-no wpr-equal-height-no\" data-id=\"4745ca5e\" data-element_type=\"section\" data-e-type=\"section\" data-settings=\"{&quot;ekit_has_onepagescroll_dot&quot;:&quot;yes&quot;}\">\n\t\t\t\t\t\t<div class=\"elementor-container elementor-column-gap-default\">\n\t\t\t\t\t<div class=\"elementor-column elementor-col-50 elementor-top-column elementor-element elementor-element-11701aaa\" data-id=\"11701aaa\" data-element_type=\"column\" data-e-type=\"column\">\n\t\t\t<div class=\"elementor-widget-wrap elementor-element-populated\">\n\t\t\t\t\t\t<div class=\"elementor-element elementor-element-3be96d5b elementor-widget__width-auto elementor-absolute e-transform elementor-view-default elementor-widget elementor-widget-icon\" data-id=\"3be96d5b\" data-element_type=\"widget\" data-e-type=\"widget\" data-settings=\"{&quot;_position&quot;:&quot;absolute&quot;,&quot;_transform_rotateZ_effect&quot;:{&quot;unit&quot;:&quot;px&quot;,&quot;size&quot;:30,&quot;sizes&quot;:[]},&quot;ekit_we_effect_on&quot;:&quot;none&quot;,&quot;_transform_rotateZ_effect_tablet&quot;:{&quot;unit&quot;:&quot;deg&quot;,&quot;size&quot;:&quot;&quot;,&quot;sizes&quot;:[]},&quot;_transform_rotateZ_effect_mobile&quot;:{&quot;unit&quot;:&quot;deg&quot;,&quot;size&quot;:&quot;&quot;,&quot;sizes&quot;:[]}}\" data-widget_type=\"icon.default\">\n\t\t\t\t<div class=\"elementor-widget-container\">\n\t\t\t\t\t\t\t<div class=\"elementor-icon-wrapper\">\n\t\t\t<div class=\"elementor-icon\">\n\t\t\t<i aria-hidden=\"true\" class=\"fas fa-circle\"><\/i>\t\t\t<\/div>\n\t\t<\/div>\n\t\t\t\t\t\t<\/div>\n\t\t\t\t<\/div>\n\t\t\t\t<div class=\"elementor-element elementor-element-605fa271 elementor-widget__width-auto elementor-absolute e-transform elementor-hidden-mobile elementor-view-default elementor-widget elementor-widget-icon\" data-id=\"605fa271\" data-element_type=\"widget\" data-e-type=\"widget\" data-settings=\"{&quot;_position&quot;:&quot;absolute&quot;,&quot;_transform_rotateZ_effect&quot;:{&quot;unit&quot;:&quot;px&quot;,&quot;size&quot;:30,&quot;sizes&quot;:[]},&quot;ekit_we_effect_on&quot;:&quot;none&quot;,&quot;_transform_rotateZ_effect_tablet&quot;:{&quot;unit&quot;:&quot;deg&quot;,&quot;size&quot;:&quot;&quot;,&quot;sizes&quot;:[]},&quot;_transform_rotateZ_effect_mobile&quot;:{&quot;unit&quot;:&quot;deg&quot;,&quot;size&quot;:&quot;&quot;,&quot;sizes&quot;:[]}}\" data-widget_type=\"icon.default\">\n\t\t\t\t<div class=\"elementor-widget-container\">\n\t\t\t\t\t\t\t<div class=\"elementor-icon-wrapper\">\n\t\t\t<div class=\"elementor-icon\">\n\t\t\t<i aria-hidden=\"true\" class=\"fas fa-circle\"><\/i>\t\t\t<\/div>\n\t\t<\/div>\n\t\t\t\t\t\t<\/div>\n\t\t\t\t<\/div>\n\t\t\t\t<div class=\"elementor-element elementor-element-143cbded elementor-invisible elementor-widget elementor-widget-heading\" data-id=\"143cbded\" data-element_type=\"widget\" data-e-type=\"widget\" data-settings=\"{&quot;_animation&quot;:&quot;fadeInUp&quot;,&quot;ekit_we_effect_on&quot;:&quot;none&quot;}\" data-widget_type=\"heading.default\">\n\t\t\t\t<div class=\"elementor-widget-container\">\n\t\t\t\t\t<h2 class=\"elementor-heading-title elementor-size-default\">Committed to the planet<\/h2>\t\t\t\t<\/div>\n\t\t\t\t<\/div>\n\t\t\t\t<div class=\"elementor-element elementor-element-0b5107c elementor-invisible elementor-widget elementor-widget-heading\" data-id=\"0b5107c\" data-element_type=\"widget\" data-e-type=\"widget\" data-settings=\"{&quot;_animation&quot;:&quot;fadeInUp&quot;,&quot;_animation_delay&quot;:200,&quot;ekit_we_effect_on&quot;:&quot;none&quot;}\" data-widget_type=\"heading.default\">\n\t\t\t\t<div class=\"elementor-widget-container\">\n\t\t\t\t\t<h3 class=\"elementor-heading-title elementor-size-default\">What are we doing in practical terms to promote sustainable development?<\/h3>\t\t\t\t<\/div>\n\t\t\t\t<\/div>\n\t\t\t\t<div class=\"elementor-element elementor-element-7feee213 elementor-widget elementor-widget-text-editor\" data-id=\"7feee213\" data-element_type=\"widget\" data-e-type=\"widget\" data-settings=\"{&quot;ekit_we_effect_on&quot;:&quot;none&quot;}\" data-widget_type=\"text-editor.default\">\n\t\t\t\t<div class=\"elementor-widget-container\">\n\t\t\t\t\t\t\t\t\t<p>We are acting in complementary ways to contribute to global carbon neutrality, by reducing our emissions and contributing to carbon absorption projects.<\/p><p>That's why,\u00a0<strong>we are working to reduce our own emissions when operating our worksites<\/strong>\u00a0These include the use of local subcontractors and manufacturers, the use of recycled and recyclable products, agreements with manufacturers committed to the same approach to reducing their emissions and a study of the work they carry out to produce bio-sourced and\/or \"low-carbon\" materials (concrete, insulation, etc.).<\/p><p>Finally, in order to reduce our carbon footprint as much as possible, we have decided to finance\u00a0<strong>reforestation and biodiversity projects<\/strong>. Nous avons nou\u00e9 \u00e0 cette fin un partenariat avec des associations, reconnues d\u2019utilit\u00e9 publique, qui nous permet de cr\u00e9er des \u00ab puits de carbone \u00bb par la plantation chaque ann\u00e9e de plusieurs milliers d\u2019arbres.<\/p><p><strong>Depuis 2022, CONCEPT ARCHIDURABLE a plant\u00e9 en R\u00e9publique du B\u00e9nin, +400000 arbres par le biais de nos partenaires.<\/strong><br \/>Over and above this result, the objective we share with IFEDAYO is to protect endangered forests and biodiversity through the preservation of primary forests, reforestation, the economic development of local communities and environmental awareness-raising.<\/p>\t\t\t\t\t\t\t\t<\/div>\n\t\t\t\t<\/div>\n\t\t\t\t\t<\/div>\n\t\t<\/div>\n\t\t\t\t<div class=\"elementor-column elementor-col-50 elementor-top-column elementor-element elementor-element-57ded795\" data-id=\"57ded795\" data-element_type=\"column\" data-e-type=\"column\">\n\t\t\t<div class=\"elementor-widget-wrap elementor-element-populated\">\n\t\t\t\t\t\t<div class=\"elementor-element elementor-element-1530e885 elementor-widget elementor-widget-image\" data-id=\"1530e885\" data-element_type=\"widget\" data-e-type=\"widget\" data-settings=\"{&quot;ekit_we_effect_on&quot;:&quot;none&quot;}\" data-widget_type=\"image.default\">\n\t\t\t\t<div class=\"elementor-widget-container\">\n\t\t\t\t\t\t\t\t\t\t\t\t\t\t\t<img decoding=\"async\" data-src=\"https:\/\/conceptarchidurable.com\/wp-content\/uploads\/elementor\/thumbs\/Urgence-planete-qshmxhljuv643fpc3f2g1k4xs7p8o7vein8v6103u8.jpg\" title=\"Urgence-planete\" alt=\"Urgence-planete\" loading=\"lazy\" src=\"data:image\/gif;base64,R0lGODlhAQABAAAAACH5BAEKAAEALAAAAAABAAEAAAICTAEAOw==\" class=\"lazyload\" style=\"--smush-placeholder-width: 500px; --smush-placeholder-aspect-ratio: 500\/600;\" \/><noscript><img decoding=\"async\" src=\"https:\/\/conceptarchidurable.com\/wp-content\/uploads\/elementor\/thumbs\/Urgence-planete-qshmxhljuv643fpc3f2g1k4xs7p8o7vein8v6103u8.jpg\" title=\"Urgence-planete\" alt=\"Urgence-planete\" loading=\"lazy\" \/><\/noscript>\t\t\t\t\t\t\t\t\t\t\t\t\t\t\t<\/div>\n\t\t\t\t<\/div>\n\t\t\t\t<section class=\"elementor-section elementor-inner-section elementor-element elementor-element-b42141c elementor-section-boxed elementor-section-height-default elementor-section-height-default wpr-particle-no wpr-jarallax-no wpr-parallax-no wpr-sticky-section-no wpr-equal-height-no\" data-id=\"b42141c\" data-element_type=\"section\" data-e-type=\"section\" data-settings=\"{&quot;ekit_has_onepagescroll_dot&quot;:&quot;yes&quot;}\">\n\t\t\t\t\t\t<div class=\"elementor-container elementor-column-gap-default\">\n\t\t\t\t\t<div class=\"elementor-column elementor-col-100 elementor-inner-column elementor-element elementor-element-61e4878d elementor-hidden-mobile elementor-invisible\" data-id=\"61e4878d\" data-element_type=\"column\" data-e-type=\"column\" data-settings=\"{&quot;background_background&quot;:&quot;classic&quot;,&quot;animation&quot;:&quot;fadeInRight&quot;}\">\n\t\t\t<div class=\"elementor-widget-wrap elementor-element-populated\">\n\t\t\t\t\t\t<div class=\"elementor-element elementor-element-764cea59 elementor-view-default elementor-widget elementor-widget-icon\" data-id=\"764cea59\" data-element_type=\"widget\" data-e-type=\"widget\" data-settings=\"{&quot;ekit_we_effect_on&quot;:&quot;none&quot;}\" data-widget_type=\"icon.default\">\n\t\t\t\t<div class=\"elementor-widget-container\">\n\t\t\t\t\t\t\t<div class=\"elementor-icon-wrapper\">\n\t\t\t<div class=\"elementor-icon\">\n\t\t\t<i aria-hidden=\"true\" class=\"icon icon-quote1\"><\/i>\t\t\t<\/div>\n\t\t<\/div>\n\t\t\t\t\t\t<\/div>\n\t\t\t\t<\/div>\n\t\t\t\t<div class=\"elementor-element elementor-element-10ff6b5d elementor-widget elementor-widget-text-editor\" data-id=\"10ff6b5d\" data-element_type=\"widget\" data-e-type=\"widget\" data-settings=\"{&quot;ekit_we_effect_on&quot;:&quot;none&quot;}\" data-widget_type=\"text-editor.default\">\n\t\t\t\t<div class=\"elementor-widget-container\">\n\t\t\t\t\t\t\t\t\t<p>Businesses have a key role to play in the fight against AIDS.\u00a0<a class=\"cursor-pointer\" title=\"www.google.com\/search?q=changement%20climatique\">changement climatique<\/a>\u00a0by reducing their emissions and adopting sustainable practices to contribute to a healthier environment.<\/p>\t\t\t\t\t\t\t\t<\/div>\n\t\t\t\t<\/div>\n\t\t\t\t<div class=\"elementor-element elementor-element-43555078 elementor-widget elementor-widget-icon-box\" data-id=\"43555078\" data-element_type=\"widget\" data-e-type=\"widget\" data-settings=\"{&quot;ekit_we_effect_on&quot;:&quot;none&quot;}\" data-widget_type=\"icon-box.default\">\n\t\t\t\t<div class=\"elementor-widget-container\">\n\t\t\t\t\t\t\t<div class=\"elementor-icon-box-wrapper\">\n\n\t\t\t\n\t\t\t\t\t\t<div class=\"elementor-icon-box-content\">\n\n\t\t\t\t\t\t\t\t\t<h5 class=\"elementor-icon-box-title\">\n\t\t\t\t\t\t<span  >\n\t\t\t\t\t\t\tKISSO DUMAS Arthur\t\t\t\t\t\t<\/span>\n\t\t\t\t\t<\/h5>\n\t\t\t\t\n\t\t\t\t\t\t\t\t\t<p class=\"elementor-icon-box-description\">\n\t\t\t\t\t\tFounder - Architect\t\t\t\t\t<\/p>\n\t\t\t\t\n\t\t\t<\/div>\n\t\t\t\n\t\t<\/div>\n\t\t\t\t\t\t<\/div>\n\t\t\t\t<\/div>\n\t\t\t\t\t<\/div>\n\t\t<\/div>\n\t\t\t\t\t<\/div>\n\t\t<\/section>\n\t\t\t\t\t<\/div>\n\t\t<\/div>\n\t\t\t\t\t<\/div>\n\t\t<\/section>\n\t\t<div class=\"elementor-element elementor-element-5977b91 e-flex e-con-boxed wpr-particle-no wpr-jarallax-no wpr-parallax-no wpr-sticky-section-no wpr-equal-height-no e-con e-parent\" data-id=\"5977b91\" data-element_type=\"container\" data-e-type=\"container\" data-settings=\"{&quot;ekit_has_onepagescroll_dot&quot;:&quot;yes&quot;}\">\n\t\t\t\t\t<div class=\"e-con-inner\">\n\t\t\t\t\t<\/div>\n\t\t\t\t<\/div>\n\t\t\t\t<\/div>","protected":false},"excerpt":{"rendered":"<p>Engagement pour la plan\u00e8te Que faisons-nous concr\u00e8tement en mati\u00e8re de d\u00e9veloppement durable ? Nous agissons de fa\u00e7ons compl\u00e9mentaires afin de contribuer \u00e0 la neutralit\u00e9 carbone mondiale, en r\u00e9duisant nos \u00e9missions et en contribuant \u00e0 des projets d\u2019absorption de carbone. Pour cela,\u00a0nous travaillons \u00e0 r\u00e9duire nos propres \u00e9missions dans la conduite de nos chantiers\u00a0: recours \u00e0 des sous-traitants et des industriels de proximit\u00e9, usage de produits recycl\u00e9s et recyclables, accords avec des industriels engag\u00e9s dans une d\u00e9marche identique de r\u00e9duction de leurs \u00e9missions et \u00e9tude des travaux qu\u2019ils r\u00e9alisent pour produire des mat\u00e9riaux biosourc\u00e9s et\/ou \u00ab bas carbone \u00bb (b\u00e9tons, isolants, \u2026etc.). Enfin, dans le but de corriger autant que possible notre empreinte carbone, nous avons d\u00e9cid\u00e9 de financer\u00a0des projets de reforestation et de contribution \u00e0 la biodiversit\u00e9. Nous avons nou\u00e9 \u00e0 cette fin un partenariat avec des associations, reconnues d\u2019utilit\u00e9 publique, qui nous permet de cr\u00e9er des \u00ab puits de carbone \u00bb par la plantation chaque ann\u00e9e de plusieurs milliers d\u2019arbres. Depuis 2022, CONCEPT ARCHIDURABLE a plant\u00e9 en R\u00e9publique du B\u00e9nin, +400000 arbres par le biais de nos partenaires.Au-del\u00e0 de ce r\u00e9sultat, l\u2019objectif que nous partageons avec IFEDAYO consiste \u00e0 prot\u00e9ger les for\u00eats menac\u00e9es et la biodiversit\u00e9 \u00e0 travers la pr\u00e9servation des for\u00eats primaires, la reforestation, le d\u00e9veloppement \u00e9conomique des communaut\u00e9s locales et la sensibilisation \u00e0 l\u2019environnement. Les entreprises ont un r\u00f4le cl\u00e9 dans la lutte contre le\u00a0changement climatique\u00a0en r\u00e9duisant leurs \u00e9missions et en adoptant des pratiques durables pour contribuer \u00e0 un environnement plus sain. KISSO DUMAS Arthur Fondateur &#8211; Architecte<\/p>","protected":false},"author":3,"featured_media":0,"parent":0,"menu_order":0,"comment_status":"closed","ping_status":"closed","template":"elementor_header_footer","meta":{"content-type":"","_joinchat":[],"footnotes":""},"class_list":["post-26876","page","type-page","status-publish","hentry"],"yoast_head":"<!-- This site is optimized with the Yoast SEO Premium plugin v25.8 (Yoast SEO v27.3) - https:\/\/yoast.com\/product\/yoast-seo-premium-wordpress\/ -->\n<title>Plan\u00e8te urgence - CONCEPT ARCHIDURABLE<\/title>\n<meta name=\"description\" content=\"Nous agissons de fa\u00e7ons compl\u00e9mentaires afin de contribuer \u00e0 la neutralit\u00e9 carbone mondiale, en r\u00e9duisant nos \u00e9missions et en contribuant \u00e0 des projets d\u2019absorption de carbone.\" \/>\n<meta name=\"robots\" content=\"index, follow, max-snippet:-1, max-image-preview:large, max-video-preview:-1\" \/>\n<link rel=\"canonical\" href=\"https:\/\/conceptarchidurable.com\/en\/planete-urgence\/\" \/>\n<meta property=\"og:locale\" content=\"en_GB\" \/>\n<meta property=\"og:type\" content=\"article\" \/>\n<meta property=\"og:title\" content=\"Plan\u00e8te urgence\" \/>\n<meta property=\"og:description\" content=\"Nous agissons de fa\u00e7ons compl\u00e9mentaires afin de contribuer \u00e0 la neutralit\u00e9 carbone mondiale, en r\u00e9duisant nos \u00e9missions et en contribuant \u00e0 des projets d\u2019absorption de carbone.\" \/>\n<meta property=\"og:url\" content=\"https:\/\/conceptarchidurable.com\/en\/planete-urgence\/\" \/>\n<meta property=\"og:site_name\" content=\"CONCEPT ARCHIDURABLE\" \/>\n<meta property=\"article:modified_time\" content=\"2025-09-27T19:18:30+00:00\" \/>\n<meta property=\"og:image\" content=\"https:\/\/conceptarchidurable.com\/wp-content\/uploads\/elementor\/thumbs\/Urgence-planete-qshmxhljuv643fpc3f2g1k4xs7p8o7vein8v5so1dc.jpg\" \/>\n<meta name=\"twitter:card\" content=\"summary_large_image\" \/>\n<meta name=\"twitter:label1\" content=\"Estimated reading time\" \/>\n\t<meta name=\"twitter:data1\" content=\"2 minutes\" \/>\n<script type=\"application\/ld+json\" class=\"yoast-schema-graph\">{\"@context\":\"https:\\\/\\\/schema.org\",\"@graph\":[{\"@type\":\"WebPage\",\"@id\":\"https:\\\/\\\/conceptarchidurable.com\\\/planete-urgence\\\/\",\"url\":\"https:\\\/\\\/conceptarchidurable.com\\\/planete-urgence\\\/\",\"name\":\"Plan\u00e8te urgence - CONCEPT ARCHIDURABLE\",\"isPartOf\":{\"@id\":\"https:\\\/\\\/conceptarchidurable.com\\\/#website\"},\"primaryImageOfPage\":{\"@id\":\"https:\\\/\\\/conceptarchidurable.com\\\/planete-urgence\\\/#primaryimage\"},\"image\":{\"@id\":\"https:\\\/\\\/conceptarchidurable.com\\\/planete-urgence\\\/#primaryimage\"},\"thumbnailUrl\":\"https:\\\/\\\/conceptarchidurable.com\\\/wp-content\\\/uploads\\\/elementor\\\/thumbs\\\/Urgence-planete-qshmxhljuv643fpc3f2g1k4xs7p8o7vein8v5so1dc.jpg\",\"datePublished\":\"2024-07-08T21:34:30+00:00\",\"dateModified\":\"2025-09-27T19:18:30+00:00\",\"description\":\"Nous agissons de fa\u00e7ons compl\u00e9mentaires afin de contribuer \u00e0 la neutralit\u00e9 carbone mondiale, en r\u00e9duisant nos \u00e9missions et en contribuant \u00e0 des projets d\u2019absorption de carbone.\",\"breadcrumb\":{\"@id\":\"https:\\\/\\\/conceptarchidurable.com\\\/planete-urgence\\\/#breadcrumb\"},\"inLanguage\":\"en-GB\",\"potentialAction\":[{\"@type\":\"ReadAction\",\"target\":[\"https:\\\/\\\/conceptarchidurable.com\\\/planete-urgence\\\/\"]}]},{\"@type\":\"ImageObject\",\"inLanguage\":\"en-GB\",\"@id\":\"https:\\\/\\\/conceptarchidurable.com\\\/planete-urgence\\\/#primaryimage\",\"url\":\"https:\\\/\\\/conceptarchidurable.com\\\/wp-content\\\/uploads\\\/elementor\\\/thumbs\\\/Urgence-planete-qshmxhljuv643fpc3f2g1k4xs7p8o7vein8v5so1dc.jpg\",\"contentUrl\":\"https:\\\/\\\/conceptarchidurable.com\\\/wp-content\\\/uploads\\\/elementor\\\/thumbs\\\/Urgence-planete-qshmxhljuv643fpc3f2g1k4xs7p8o7vein8v5so1dc.jpg\"},{\"@type\":\"BreadcrumbList\",\"@id\":\"https:\\\/\\\/conceptarchidurable.com\\\/planete-urgence\\\/#breadcrumb\",\"itemListElement\":[{\"@type\":\"ListItem\",\"position\":1,\"name\":\"Home\",\"item\":\"https:\\\/\\\/conceptarchidurable.com\\\/\"},{\"@type\":\"ListItem\",\"position\":2,\"name\":\"Plan\u00e8te urgence\"}]},{\"@type\":\"WebSite\",\"@id\":\"https:\\\/\\\/conceptarchidurable.com\\\/#website\",\"url\":\"https:\\\/\\\/conceptarchidurable.com\\\/\",\"name\":\"CONCEPT ARCHIDURABLE\",\"description\":\"\",\"publisher\":{\"@id\":\"https:\\\/\\\/conceptarchidurable.com\\\/#organization\"},\"potentialAction\":[{\"@type\":\"SearchAction\",\"target\":{\"@type\":\"EntryPoint\",\"urlTemplate\":\"https:\\\/\\\/conceptarchidurable.com\\\/?s={search_term_string}\"},\"query-input\":{\"@type\":\"PropertyValueSpecification\",\"valueRequired\":true,\"valueName\":\"search_term_string\"}}],\"inLanguage\":\"en-GB\"},{\"@type\":\"Organization\",\"@id\":\"https:\\\/\\\/conceptarchidurable.com\\\/#organization\",\"name\":\"CONCEPT ARCHIDURABLE\",\"url\":\"https:\\\/\\\/conceptarchidurable.com\\\/\",\"logo\":{\"@type\":\"ImageObject\",\"inLanguage\":\"en-GB\",\"@id\":\"https:\\\/\\\/conceptarchidurable.com\\\/#\\\/schema\\\/logo\\\/image\\\/\",\"url\":\"https:\\\/\\\/conceptarchidurable.com\\\/wp-content\\\/uploads\\\/2024\\\/03\\\/LOGO-AECHI-DURABLE.png\",\"contentUrl\":\"https:\\\/\\\/conceptarchidurable.com\\\/wp-content\\\/uploads\\\/2024\\\/03\\\/LOGO-AECHI-DURABLE.png\",\"width\":1600,\"height\":663,\"caption\":\"CONCEPT ARCHIDURABLE\"},\"image\":{\"@id\":\"https:\\\/\\\/conceptarchidurable.com\\\/#\\\/schema\\\/logo\\\/image\\\/\"},\"sameAs\":[\"https:\\\/\\\/wa.me\\\/22997741416\"]}]}<\/script>\n<!-- \/ Yoast SEO Premium plugin. -->","yoast_head_json":{"title":"Plan\u00e8te urgence - CONCEPT ARCHIDURABLE","description":"Nous agissons de fa\u00e7ons compl\u00e9mentaires afin de contribuer \u00e0 la neutralit\u00e9 carbone mondiale, en r\u00e9duisant nos \u00e9missions et en contribuant \u00e0 des projets d\u2019absorption de carbone.","robots":{"index":"index","follow":"follow","max-snippet":"max-snippet:-1","max-image-preview":"max-image-preview:large","max-video-preview":"max-video-preview:-1"},"canonical":"https:\/\/conceptarchidurable.com\/en\/planete-urgence\/","og_locale":"en_GB","og_type":"article","og_title":"Plan\u00e8te urgence","og_description":"Nous agissons de fa\u00e7ons compl\u00e9mentaires afin de contribuer \u00e0 la neutralit\u00e9 carbone mondiale, en r\u00e9duisant nos \u00e9missions et en contribuant \u00e0 des projets d\u2019absorption de carbone.","og_url":"https:\/\/conceptarchidurable.com\/en\/planete-urgence\/","og_site_name":"CONCEPT ARCHIDURABLE","article_modified_time":"2025-09-27T19:18:30+00:00","og_image":[{"url":"https:\/\/conceptarchidurable.com\/wp-content\/uploads\/elementor\/thumbs\/Urgence-planete-qshmxhljuv643fpc3f2g1k4xs7p8o7vein8v5so1dc.jpg","type":"","width":"","height":""}],"twitter_card":"summary_large_image","twitter_misc":{"Estimated reading time":"2 minutes"},"schema":{"@context":"https:\/\/schema.org","@graph":[{"@type":"WebPage","@id":"https:\/\/conceptarchidurable.com\/planete-urgence\/","url":"https:\/\/conceptarchidurable.com\/planete-urgence\/","name":"Plan\u00e8te urgence - CONCEPT ARCHIDURABLE","isPartOf":{"@id":"https:\/\/conceptarchidurable.com\/#website"},"primaryImageOfPage":{"@id":"https:\/\/conceptarchidurable.com\/planete-urgence\/#primaryimage"},"image":{"@id":"https:\/\/conceptarchidurable.com\/planete-urgence\/#primaryimage"},"thumbnailUrl":"https:\/\/conceptarchidurable.com\/wp-content\/uploads\/elementor\/thumbs\/Urgence-planete-qshmxhljuv643fpc3f2g1k4xs7p8o7vein8v5so1dc.jpg","datePublished":"2024-07-08T21:34:30+00:00","dateModified":"2025-09-27T19:18:30+00:00","description":"Nous agissons de fa\u00e7ons compl\u00e9mentaires afin de contribuer \u00e0 la neutralit\u00e9 carbone mondiale, en r\u00e9duisant nos \u00e9missions et en contribuant \u00e0 des projets d\u2019absorption de carbone.","breadcrumb":{"@id":"https:\/\/conceptarchidurable.com\/planete-urgence\/#breadcrumb"},"inLanguage":"en-GB","potentialAction":[{"@type":"ReadAction","target":["https:\/\/conceptarchidurable.com\/planete-urgence\/"]}]},{"@type":"ImageObject","inLanguage":"en-GB","@id":"https:\/\/conceptarchidurable.com\/planete-urgence\/#primaryimage","url":"https:\/\/conceptarchidurable.com\/wp-content\/uploads\/elementor\/thumbs\/Urgence-planete-qshmxhljuv643fpc3f2g1k4xs7p8o7vein8v5so1dc.jpg","contentUrl":"https:\/\/conceptarchidurable.com\/wp-content\/uploads\/elementor\/thumbs\/Urgence-planete-qshmxhljuv643fpc3f2g1k4xs7p8o7vein8v5so1dc.jpg"},{"@type":"BreadcrumbList","@id":"https:\/\/conceptarchidurable.com\/planete-urgence\/#breadcrumb","itemListElement":[{"@type":"ListItem","position":1,"name":"Home","item":"https:\/\/conceptarchidurable.com\/"},{"@type":"ListItem","position":2,"name":"Plan\u00e8te urgence"}]},{"@type":"WebSite","@id":"https:\/\/conceptarchidurable.com\/#website","url":"https:\/\/conceptarchidurable.com\/","name":"CONCEPT ARCHIDURABLE","description":"","publisher":{"@id":"https:\/\/conceptarchidurable.com\/#organization"},"potentialAction":[{"@type":"SearchAction","target":{"@type":"EntryPoint","urlTemplate":"https:\/\/conceptarchidurable.com\/?s={search_term_string}"},"query-input":{"@type":"PropertyValueSpecification","valueRequired":true,"valueName":"search_term_string"}}],"inLanguage":"en-GB"},{"@type":"Organization","@id":"https:\/\/conceptarchidurable.com\/#organization","name":"CONCEPT ARCHIDURABLE","url":"https:\/\/conceptarchidurable.com\/","logo":{"@type":"ImageObject","inLanguage":"en-GB","@id":"https:\/\/conceptarchidurable.com\/#\/schema\/logo\/image\/","url":"https:\/\/conceptarchidurable.com\/wp-content\/uploads\/2024\/03\/LOGO-AECHI-DURABLE.png","contentUrl":"https:\/\/conceptarchidurable.com\/wp-content\/uploads\/2024\/03\/LOGO-AECHI-DURABLE.png","width":1600,"height":663,"caption":"CONCEPT ARCHIDURABLE"},"image":{"@id":"https:\/\/conceptarchidurable.com\/#\/schema\/logo\/image\/"},"sameAs":["https:\/\/wa.me\/22997741416"]}]}},"_links":{"self":[{"href":"https:\/\/conceptarchidurable.com\/en\/wp-json\/wp\/v2\/pages\/26876","targetHints":{"allow":["GET"]}}],"collection":[{"href":"https:\/\/conceptarchidurable.com\/en\/wp-json\/wp\/v2\/pages"}],"about":[{"href":"https:\/\/conceptarchidurable.com\/en\/wp-json\/wp\/v2\/types\/page"}],"author":[{"embeddable":true,"href":"https:\/\/conceptarchidurable.com\/en\/wp-json\/wp\/v2\/users\/3"}],"replies":[{"embeddable":true,"href":"https:\/\/conceptarchidurable.com\/en\/wp-json\/wp\/v2\/comments?post=26876"}],"version-history":[{"count":220,"href":"https:\/\/conceptarchidurable.com\/en\/wp-json\/wp\/v2\/pages\/26876\/revisions"}],"predecessor-version":[{"id":39762,"href":"https:\/\/conceptarchidurable.com\/en\/wp-json\/wp\/v2\/pages\/26876\/revisions\/39762"}],"wp:attachment":[{"href":"https:\/\/conceptarchidurable.com\/en\/wp-json\/wp\/v2\/media?parent=26876"}],"curies":[{"name":"wp","href":"https:\/\/api.w.org\/{rel}","templated":true}]}}